{"id":27220,"date":"2022-09-19T09:11:05","date_gmt":"2022-09-19T07:11:05","guid":{"rendered":"https:\/\/asesoramientoyexpertsolutions.com\/business-services\/asesoria-en-regulacion-y-legislacion-de-energias-renovables\/"},"modified":"2022-10-13T17:53:12","modified_gmt":"2022-10-13T15:53:12","slug":"renewable-energy-regulations-and-legislation-advice","status":"publish","type":"page","link":"https:\/\/asesoramientoyexpertsolutions.com\/en\/business-services\/renewable-energy-regulations-and-legislation-advice\/","title":{"rendered":"Renewable energy regulations and legislation advice"},"content":{"rendered":"<div id='header_int'  class='avia-section av-2oakto-fddf4dff7e2ca5017d178cb6fc6b5caa main_color avia-section-default avia-no-border-styling  avia-builder-el-0  el_before_av_section  avia-builder-el-first  servicio_page avia-bg-style-scroll container_wrap sidebar_right'  ><div class='container av-section-cont-open' ><main  role=\"main\" itemprop=\"mainContentOfPage\"  class='template-page content  av-content-small alpha units'><div class='post-entry post-entry-type-page post-entry-27220'><div class='entry-content-wrapper clearfix'>\n<div class='flex_column_table av-2k6tdo-ae12616528ffb961536cb0b48b9f70eb sc-av_one_half av-equal-height-column-flextable'><div class='flex_column av-2k6tdo-ae12616528ffb961536cb0b48b9f70eb av_one_half  avia-builder-el-1  el_before_av_one_half  avia-builder-el-first  first flex_column_table_cell av-equal-height-column av-align-top '     ><section  class='av_textblock_section av-l7oxqmao-54f69887d3f016c01a4f1a7c7adbcfbe'  itemscope=\"itemscope\" itemtype=\"https:\/\/schema.org\/CreativeWork\" ><div class='avia_textblock'  itemprop=\"text\" ><h1>Renewable energy regulations and legislation advice<\/h1>\n<p>Renewable energy regulations and legislation change from country to country all the time. Our way of supporting clients does not. We provide comprehensive legal advice at any stage of a clean energy project, in any location and always up to date with the latest regulatory developments.<\/p>\n<p>At AES Asesoramiento y Expert Solutions we advise companies, thanks to our extensive international knowledge and experience, in the renewable industry. We support clients in the following situations:<\/p>\n<div class=\"areas\">\n<ul>\n<li style=\"text-align: justify;\">Restructuring of groups of companies.<\/li>\n<li style=\"text-align: justify;\">Acquisition financing.<\/li>\n<li style=\"text-align: justify;\">Purchase and sale of shares and renewable assets.<\/li>\n<li style=\"text-align: justify;\">Capital increases and contributions of assets and business lines.<\/li>\n<li style=\"text-align: justify;\">Mergers, spin-offs and other structural modifications.<\/li>\n<li style=\"text-align: justify;\">Liquidation of companies.<\/li>\n<\/ul>\n<\/div>\n<\/div><\/section><\/div><div class='av-flex-placeholder'><\/div><div class='flex_column av-lrvvj-adff6c7a14f99fcd3123de9028dce578 av_one_half  avia-builder-el-3  el_after_av_one_half  avia-builder-el-last  flex_column_table_cell av-equal-height-column av-align-top '     ><p><section  class='av_textblock_section av-fbnjb-a330a59bf2622d2eb26281009628aec3'  itemscope=\"itemscope\" itemtype=\"https:\/\/schema.org\/CreativeWork\" ><div class='avia_textblock'  itemprop=\"text\" ><div id=\"servicios_select\"><span id=\"blankopt\" data=\"\">More services<\/span><div id=\"servicios_drop\"><span data=\"https:\/\/asesoramientoyexpertsolutions.com\/en\/business-services\/renewable-energy-regulations-and-legislation-advice\/\" >Renewable energy regulations and legislation advice<\/span><span data=\"https:\/\/asesoramientoyexpertsolutions.com\/en\/business-services\/company-management\/\" >Company Management<\/span><span data=\"https:\/\/asesoramientoyexpertsolutions.com\/en\/business-services\/fiscal-accounting-and-taxation-advice\/\" >Fiscal, Accounting and Taxation Advice<\/span><span data=\"https:\/\/asesoramientoyexpertsolutions.com\/en\/business-services\/employment-advice\/\" >Employment Advice<\/span><span data=\"https:\/\/asesoramientoyexpertsolutions.com\/en\/business-services\/foundations-and-ngos\/\" >Foundations and NGOs<\/span><span data=\"https:\/\/asesoramientoyexpertsolutions.com\/en\/business-services\/administrative-management\/\" >Administrative Management<\/span><span data=\"https:\/\/asesoramientoyexpertsolutions.com\/en\/business-services\/international-investments\/\" >International Investments<\/span><\/div><\/div>\n<\/div><\/section><br \/>\n\n<style type=\"text\/css\" data-created_by=\"avia_inline_auto\" id=\"style-css-av-l80czuwx-01995c720eaf8570ea57105f384b5ac5\">\n.avia-image-container.av-l80czuwx-01995c720eaf8570ea57105f384b5ac5 img.avia_image{\nbox-shadow:none;\n}\n.avia-image-container.av-l80czuwx-01995c720eaf8570ea57105f384b5ac5 .av-image-caption-overlay-center{\ncolor:#ffffff;\n}\n<\/style>\n<div  class='avia-image-container av-l80czuwx-01995c720eaf8570ea57105f384b5ac5 av-styling- avia-align-center'   itemprop=\"image\" itemscope=\"itemscope\" itemtype=\"https:\/\/schema.org\/ImageObject\" ><div class=\"avia-image-container-inner\"><div class=\"avia-image-overlay-wrap\"><img decoding=\"async\" class='wp-image-27136 avia-img-lazy-loading-not-27136 avia_image ' src=\"https:\/\/asesoramientoyexpertsolutions.com\/wp-content\/uploads\/2022\/09\/energias_renovables.jpg\" alt='' title='energias_renovables'  height=\"594\" width=\"705\"  itemprop=\"thumbnailUrl\" srcset=\"https:\/\/asesoramientoyexpertsolutions.com\/wp-content\/uploads\/2022\/09\/energias_renovables.jpg 705w, https:\/\/asesoramientoyexpertsolutions.com\/wp-content\/uploads\/2022\/09\/energias_renovables-300x253.jpg 300w\" sizes=\"(max-width: 705px) 100vw, 705px\" \/><\/div><\/div><\/div><\/p><\/div><\/div><!--close column table wrapper. Autoclose: 1 -->\n<style type=\"text\/css\" data-created_by=\"avia_inline_auto\" id=\"style-css-av-l80d1g8g-b4ff0a72f5f5803a818ccda2dbebc89e\">\n.avia-section.av-l80d1g8g-b4ff0a72f5f5803a818ccda2dbebc89e{\nbackground-color:#d5d5d5;\nbackground-image:unset;\n}\n<\/style>\n<div id='servico_call'  class='avia-section av-l80d1g8g-b4ff0a72f5f5803a818ccda2dbebc89e main_color avia-section-default avia-no-border-styling  avia-builder-el-0  el_before_av_section  avia-builder-el-first  avia-bg-style-scroll container_wrap sidebar_right'  ><div class='container av-section-cont-open' ><main  role=\"main\" itemprop=\"mainContentOfPage\"  class='template-page content  av-content-small alpha units'><div class='post-entry post-entry-type-page post-entry-27220'><div class='entry-content-wrapper clearfix'>\n<div class='flex_column av-9aejr-27d1b427e20c247e1636c08ec385400c av_one_full first flex_column_div '     ><section  class='av_textblock_section av-l80d4cy3-3e78ce57608d7e6ff771777972e3aea8'  itemscope=\"itemscope\" itemtype=\"https:\/\/schema.org\/CreativeWork\" ><div class='avia_textblock'  itemprop=\"text\" ><h2>Do you need legal advice?<\/h2>\n<p style=\"text-align: center;\">At AES we are specialized lawyers who can advise and assist you in all branches of law and business legal advice.<\/p>\n<div class=\"btn btn_call\"><a title=\"Contact\" href=\"https:\/\/asesoramientoyexpertsolutions.com\/contact\/\">Contact<\/a><\/div>\n<\/div><\/section><\/div>\n<\/p>\n<\/div><\/div><\/main><!-- close content main element --><\/div><\/div><div id='relacionados'  class='avia-section av-7tyzo-42d08621f086b926a6fe3d45cc49ebda main_color avia-section-default avia-no-border-styling  servicios_int avia-bg-style-scroll container_wrap sidebar_right'  ><div class='container av-section-cont-open' ><div class='template-page content  av-content-small alpha units'><div class='post-entry post-entry-type-page post-entry-27220'><div class='entry-content-wrapper clearfix'>\n<div class='flex_column av-24nc6c-2bbb55e9084de47f9baf72ea1a45abb2 av_one_full first flex_column_div '     ><section  class='av_textblock_section av-l7oxuan7-9635e8b03027494aba38277d1a87651e'  itemscope=\"itemscope\" itemtype=\"https:\/\/schema.org\/CreativeWork\" ><div class='avia_textblock'  itemprop=\"text\" ><h2 style=\"text-align: center;\">Related services<\/h2>\n<\/div><\/section><\/div><div class='flex_column_table av-1vgxvw-5ef18596c4930568aa29f9765fe040aa sc-av_one_fourth av-equal-height-column-flextable'>\n<style type=\"text\/css\" data-created_by=\"avia_inline_auto\" id=\"style-css-av-1vgxvw-5ef18596c4930568aa29f9765fe040aa\">\n.flex_column.av-1vgxvw-5ef18596c4930568aa29f9765fe040aa{\nwidth:22.75%;\nmargin-left:0;\nbackground:url(https:\/\/asesoramientoyexpertsolutions.com\/wp-content\/uploads\/2022\/09\/administracion_empresa1.jpg) 0% 0% no-repeat scroll ;\n}\n#top .flex_column_table.av-equal-height-column-flextable.av-1vgxvw-5ef18596c4930568aa29f9765fe040aa .av-flex-placeholder{\nwidth:3%;\n}\n<\/style>\n<div class='flex_column av-1vgxvw-5ef18596c4930568aa29f9765fe040aa av_one_fourth  civil first flex_column_table_cell av-equal-height-column av-align-bottom avia-link-column av-column-link '    data-link-column-url=\"https:\/\/asesoramientoyexpertsolutions.com\/servicios-juridicos\/derecho-de-familia-y-matrimonial\/\"   ><a class=\"av-screen-reader-only\" href=https:\/\/asesoramientoyexpertsolutions.com\/servicios-juridicos\/derecho-de-familia-y-matrimonial\/  title=\"Derecho de Familia y Matrimonial\" alt=\"Derecho de Familia y Matrimonial\">Link to: Derecho de Familia y Matrimonial<\/a><section  class='av_textblock_section av-l7ywnze5-519575a3864ecb544a7878d257e36db7'  itemscope=\"itemscope\" itemtype=\"https:\/\/schema.org\/CreativeWork\" ><div class='avia_textblock'  itemprop=\"text\" ><h3 style=\"text-align: center;\"><a title=\"Company Management \" href=\"https:\/\/asesoramientoyexpertsolutions.com\/otros-servicios\/administracion-de-la-empresa\/\">Company Management<\/a><\/h3>\n<\/div><\/section><\/div><\/div><!--close column table wrapper. Autoclose: 1 --><div class='flex_column_table av-3sykug-039a2a94dddba0a8a78655ca9cf3b195 sc-av_one_fourth av-equal-height-column-flextable'><div class='av-flex-placeholder'><\/div>\n<style type=\"text\/css\" data-created_by=\"avia_inline_auto\" id=\"style-css-av-3sykug-039a2a94dddba0a8a78655ca9cf3b195\">\n.flex_column.av-3sykug-039a2a94dddba0a8a78655ca9cf3b195{\nwidth:22.75%;\nmargin-left:0;\nbackground:url(https:\/\/asesoramientoyexpertsolutions.com\/wp-content\/uploads\/2022\/09\/gestion_administrativa1.jpg) 0% 0% no-repeat scroll ;\n}\n#top .flex_column_table.av-equal-height-column-flextable.av-3sykug-039a2a94dddba0a8a78655ca9cf3b195 .av-flex-placeholder{\nwidth:3%;\n}\n<\/style>\n<div class='flex_column av-3sykug-039a2a94dddba0a8a78655ca9cf3b195 av_one_fourth  civil mercantil flex_column_table_cell av-equal-height-column av-align-bottom avia-link-column av-column-link '    data-link-column-url=\"https:\/\/asesoramientoyexpertsolutions.com\/servicios-juridicos\/derecho-procesal-y-arbitraje\/\"   ><a class=\"av-screen-reader-only\" href=https:\/\/asesoramientoyexpertsolutions.com\/servicios-juridicos\/derecho-procesal-y-arbitraje\/  title=\"Derecho Procesal y Arbitraje\" alt=\"Derecho Procesal y Arbitraje\">Link to: Derecho Procesal y Arbitraje<\/a><section  class='av_textblock_section av-l89ww15w-3f6a401335ea3d49f0692047ae184163'  itemscope=\"itemscope\" itemtype=\"https:\/\/schema.org\/CreativeWork\" ><div class='avia_textblock'  itemprop=\"text\" ><h3 style=\"text-align: center;\"><a title=\"Administrative Management\" href=\"https:\/\/asesoramientoyexpertsolutions.com\/otros-servicios\/gestion-administrativa\/\">Administrative Management<\/a><\/h3>\n<\/div><\/section><\/div><\/div><!--close column table wrapper. Autoclose: 1 --><div class='flex_column_table av-13kdj8-6bfb6acd91ea09215deac6e8444296c5 sc-av_one_fourth av-equal-height-column-flextable'><div class='av-flex-placeholder'><\/div>\n<style type=\"text\/css\" data-created_by=\"avia_inline_auto\" id=\"style-css-av-13kdj8-6bfb6acd91ea09215deac6e8444296c5\">\n.flex_column.av-13kdj8-6bfb6acd91ea09215deac6e8444296c5{\nwidth:22.75%;\nmargin-left:0;\nbackground:url(https:\/\/asesoramientoyexpertsolutions.com\/wp-content\/uploads\/2022\/09\/asesoria_regulacion1.jpg) 0% 0% no-repeat scroll ;\n}\n#top .flex_column_table.av-equal-height-column-flextable.av-13kdj8-6bfb6acd91ea09215deac6e8444296c5 .av-flex-placeholder{\nwidth:3%;\n}\n<\/style>\n<div class='flex_column av-13kdj8-6bfb6acd91ea09215deac6e8444296c5 av_one_fourth  civil flex_column_table_cell av-equal-height-column av-align-bottom avia-link-column av-column-link '    data-link-column-url=\"https:\/\/asesoramientoyexpertsolutions.com\/servicios-juridicos\/derecho-internacional-privado\/\"   ><a class=\"av-screen-reader-only\" href=https:\/\/asesoramientoyexpertsolutions.com\/servicios-juridicos\/derecho-internacional-privado\/  title=\"Derecho Internacional Privado\" alt=\"Derecho Internacional Privado\">Link to: Derecho Internacional Privado<\/a><section  class='av_textblock_section av-vkjng-db89a79083a8f0685e57b4d229baef02'  itemscope=\"itemscope\" itemtype=\"https:\/\/schema.org\/CreativeWork\" ><div class='avia_textblock'  itemprop=\"text\" ><h3 style=\"text-align: center;\"><a title=\"Asesor\u00eda en regulaci\u00f3n y legislaci\u00f3n de energ\u00edas renovables\" href=\"https:\/\/asesoramientoyexpertsolutions.com\/otros-servicios\/asesoria-en-regulacion-y-legislacion-de-energias-renovables\/\">Asesor\u00eda en regulaci\u00f3n y legislaci\u00f3n de energ\u00edas renovables<\/a><\/h3>\n<\/div><\/section><\/div><\/div><!--close column table wrapper. Autoclose: 1 --><div class='flex_column_table av-2ji4t4-3bdebbff5fe59bd33e33e7d05833fb1a sc-av_one_fourth av-equal-height-column-flextable'><div class='av-flex-placeholder'><\/div>\n<style type=\"text\/css\" data-created_by=\"avia_inline_auto\" id=\"style-css-av-2ji4t4-3bdebbff5fe59bd33e33e7d05833fb1a\">\n.flex_column.av-2ji4t4-3bdebbff5fe59bd33e33e7d05833fb1a{\nwidth:22.75%;\nmargin-left:0;\nbackground:url(https:\/\/asesoramientoyexpertsolutions.com\/wp-content\/uploads\/2022\/09\/internacional_inversiones1.jpg) 0% 0% no-repeat scroll ;\n}\n#top .flex_column_table.av-equal-height-column-flextable.av-2ji4t4-3bdebbff5fe59bd33e33e7d05833fb1a .av-flex-placeholder{\nwidth:3%;\n}\n<\/style>\n<div class='flex_column av-2ji4t4-3bdebbff5fe59bd33e33e7d05833fb1a av_one_fourth  civil mercantil flex_column_table_cell av-equal-height-column av-align-bottom avia-link-column av-column-link '    data-link-column-url=\"https:\/\/asesoramientoyexpertsolutions.com\/servicios-juridicos\/derecho-procesal-y-arbitraje\/\"   ><a class=\"av-screen-reader-only\" href=https:\/\/asesoramientoyexpertsolutions.com\/servicios-juridicos\/derecho-procesal-y-arbitraje\/  title=\"Derecho Procesal y Arbitraje\" alt=\"Derecho Procesal y Arbitraje\">Link to: Derecho Procesal y Arbitraje<\/a><section  class='av_textblock_section av-l89wwszq-9af5d6564127ef0b8e3c4d5ba426e56e'  itemscope=\"itemscope\" itemtype=\"https:\/\/schema.org\/CreativeWork\" ><div class='avia_textblock'  itemprop=\"text\" ><h3 style=\"text-align: center;\"><a title=\"International Investments\" href=\"https:\/\/asesoramientoyexpertsolutions.com\/otros-servicios\/internacional-e-inversiones\/\">International Investments<\/a><\/h3>\n<\/div><\/section><\/div><\/div><!--close column table wrapper. Autoclose: 1 -->\n<\/div><\/div><\/div><!-- close content main div --><\/div><\/div><div id='after_section_3'  class='main_color av_default_container_wrap container_wrap sidebar_right'  ><div class='container av-section-cont-open' ><div class='template-page content  av-content-small alpha units'><div class='post-entry post-entry-type-page post-entry-27220'><div class='entry-content-wrapper clearfix'>\n","protected":false},"excerpt":{"rendered":"","protected":false},"author":2,"featured_media":0,"parent":1658,"menu_order":0,"comment_status":"closed","ping_status":"closed","template":"","meta":{"inline_featured_image":false,"footnotes":""},"class_list":["post-27220","page","type-page","status-publish","hentry"],"yoast_head":"<!-- This site is optimized with the Yoast SEO plugin v27.4 - https:\/\/yoast.com\/product\/yoast-seo-wordpress\/ -->\n<title>Renewable energy regulations and legislation advice - AES<\/title>\n<meta name=\"description\" content=\"We provide comprehensive legal advice at any stage of a clean energy project, in any location and always up to date with the latest regulatory developments.\" \/>\n<meta name=\"robots\" content=\"index, follow, max-snippet:-1, max-image-preview:large, max-video-preview:-1\" \/>\n<link rel=\"canonical\" href=\"https:\/\/asesoramientoyexpertsolutions.com\/en\/business-services\/renewable-energy-regulations-and-legislation-advice\/\" \/>\n<meta property=\"og:locale\" content=\"en_US\" \/>\n<meta property=\"og:type\" content=\"article\" \/>\n<meta property=\"og:title\" content=\"Renewable energy regulations and legislation advice - AES\" \/>\n<meta property=\"og:description\" content=\"We provide comprehensive legal advice at any stage of a clean energy project, in any location and always up to date with the latest regulatory developments.\" \/>\n<meta property=\"og:url\" content=\"https:\/\/asesoramientoyexpertsolutions.com\/en\/business-services\/renewable-energy-regulations-and-legislation-advice\/\" \/>\n<meta property=\"og:site_name\" content=\"AES\" \/>\n<meta property=\"article:modified_time\" content=\"2022-10-13T15:53:12+00:00\" \/>\n<meta name=\"twitter:card\" content=\"summary_large_image\" \/>\n<meta name=\"twitter:label1\" content=\"Est. reading time\" \/>\n\t<meta name=\"twitter:data1\" content=\"7 minutes\" \/>\n<script type=\"application\/ld+json\" class=\"yoast-schema-graph\">{\"@context\":\"https:\\\/\\\/schema.org\",\"@graph\":[{\"@type\":\"WebPage\",\"@id\":\"https:\\\/\\\/asesoramientoyexpertsolutions.com\\\/en\\\/business-services\\\/renewable-energy-regulations-and-legislation-advice\\\/\",\"url\":\"https:\\\/\\\/asesoramientoyexpertsolutions.com\\\/en\\\/business-services\\\/renewable-energy-regulations-and-legislation-advice\\\/\",\"name\":\"Renewable energy regulations and legislation advice - AES\",\"isPartOf\":{\"@id\":\"https:\\\/\\\/asesoramientoyexpertsolutions.com\\\/en\\\/#website\"},\"datePublished\":\"2022-09-19T07:11:05+00:00\",\"dateModified\":\"2022-10-13T15:53:12+00:00\",\"description\":\"We provide comprehensive legal advice at any stage of a clean energy project, in any location and always up to date with the latest regulatory developments.\",\"breadcrumb\":{\"@id\":\"https:\\\/\\\/asesoramientoyexpertsolutions.com\\\/en\\\/business-services\\\/renewable-energy-regulations-and-legislation-advice\\\/#breadcrumb\"},\"inLanguage\":\"en-US\",\"potentialAction\":[{\"@type\":\"ReadAction\",\"target\":[\"https:\\\/\\\/asesoramientoyexpertsolutions.com\\\/en\\\/business-services\\\/renewable-energy-regulations-and-legislation-advice\\\/\"]}]},{\"@type\":\"BreadcrumbList\",\"@id\":\"https:\\\/\\\/asesoramientoyexpertsolutions.com\\\/en\\\/business-services\\\/renewable-energy-regulations-and-legislation-advice\\\/#breadcrumb\",\"itemListElement\":[{\"@type\":\"ListItem\",\"position\":1,\"name\":\"Portada\",\"item\":\"https:\\\/\\\/asesoramientoyexpertsolutions.com\\\/en\\\/\"},{\"@type\":\"ListItem\",\"position\":2,\"name\":\"Business Services\",\"item\":\"https:\\\/\\\/asesoramientoyexpertsolutions.com\\\/en\\\/business-services\\\/\"},{\"@type\":\"ListItem\",\"position\":3,\"name\":\"Renewable energy regulations and legislation advice\"}]},{\"@type\":\"WebSite\",\"@id\":\"https:\\\/\\\/asesoramientoyexpertsolutions.com\\\/en\\\/#website\",\"url\":\"https:\\\/\\\/asesoramientoyexpertsolutions.com\\\/en\\\/\",\"name\":\"AES\",\"description\":\"Asesoramiento &amp; Exp\u00e8rt Solutions - Economists &amp; Lawyers\",\"potentialAction\":[{\"@type\":\"SearchAction\",\"target\":{\"@type\":\"EntryPoint\",\"urlTemplate\":\"https:\\\/\\\/asesoramientoyexpertsolutions.com\\\/en\\\/?s={search_term_string}\"},\"query-input\":{\"@type\":\"PropertyValueSpecification\",\"valueRequired\":true,\"valueName\":\"search_term_string\"}}],\"inLanguage\":\"en-US\"}]}<\/script>\n<!-- \/ Yoast SEO plugin. -->","yoast_head_json":{"title":"Renewable energy regulations and legislation advice - AES","description":"We provide comprehensive legal advice at any stage of a clean energy project, in any location and always up to date with the latest regulatory developments.","robots":{"index":"index","follow":"follow","max-snippet":"max-snippet:-1","max-image-preview":"max-image-preview:large","max-video-preview":"max-video-preview:-1"},"canonical":"https:\/\/asesoramientoyexpertsolutions.com\/en\/business-services\/renewable-energy-regulations-and-legislation-advice\/","og_locale":"en_US","og_type":"article","og_title":"Renewable energy regulations and legislation advice - AES","og_description":"We provide comprehensive legal advice at any stage of a clean energy project, in any location and always up to date with the latest regulatory developments.","og_url":"https:\/\/asesoramientoyexpertsolutions.com\/en\/business-services\/renewable-energy-regulations-and-legislation-advice\/","og_site_name":"AES","article_modified_time":"2022-10-13T15:53:12+00:00","twitter_card":"summary_large_image","twitter_misc":{"Est. reading time":"7 minutes"},"schema":{"@context":"https:\/\/schema.org","@graph":[{"@type":"WebPage","@id":"https:\/\/asesoramientoyexpertsolutions.com\/en\/business-services\/renewable-energy-regulations-and-legislation-advice\/","url":"https:\/\/asesoramientoyexpertsolutions.com\/en\/business-services\/renewable-energy-regulations-and-legislation-advice\/","name":"Renewable energy regulations and legislation advice - AES","isPartOf":{"@id":"https:\/\/asesoramientoyexpertsolutions.com\/en\/#website"},"datePublished":"2022-09-19T07:11:05+00:00","dateModified":"2022-10-13T15:53:12+00:00","description":"We provide comprehensive legal advice at any stage of a clean energy project, in any location and always up to date with the latest regulatory developments.","breadcrumb":{"@id":"https:\/\/asesoramientoyexpertsolutions.com\/en\/business-services\/renewable-energy-regulations-and-legislation-advice\/#breadcrumb"},"inLanguage":"en-US","potentialAction":[{"@type":"ReadAction","target":["https:\/\/asesoramientoyexpertsolutions.com\/en\/business-services\/renewable-energy-regulations-and-legislation-advice\/"]}]},{"@type":"BreadcrumbList","@id":"https:\/\/asesoramientoyexpertsolutions.com\/en\/business-services\/renewable-energy-regulations-and-legislation-advice\/#breadcrumb","itemListElement":[{"@type":"ListItem","position":1,"name":"Portada","item":"https:\/\/asesoramientoyexpertsolutions.com\/en\/"},{"@type":"ListItem","position":2,"name":"Business Services","item":"https:\/\/asesoramientoyexpertsolutions.com\/en\/business-services\/"},{"@type":"ListItem","position":3,"name":"Renewable energy regulations and legislation advice"}]},{"@type":"WebSite","@id":"https:\/\/asesoramientoyexpertsolutions.com\/en\/#website","url":"https:\/\/asesoramientoyexpertsolutions.com\/en\/","name":"AES","description":"Asesoramiento &amp; Exp\u00e8rt Solutions - Economists &amp; Lawyers","potentialAction":[{"@type":"SearchAction","target":{"@type":"EntryPoint","urlTemplate":"https:\/\/asesoramientoyexpertsolutions.com\/en\/?s={search_term_string}"},"query-input":{"@type":"PropertyValueSpecification","valueRequired":true,"valueName":"search_term_string"}}],"inLanguage":"en-US"}]}},"_links":{"self":[{"href":"https:\/\/asesoramientoyexpertsolutions.com\/en\/wp-json\/wp\/v2\/pages\/27220","targetHints":{"allow":["GET"]}}],"collection":[{"href":"https:\/\/asesoramientoyexpertsolutions.com\/en\/wp-json\/wp\/v2\/pages"}],"about":[{"href":"https:\/\/asesoramientoyexpertsolutions.com\/en\/wp-json\/wp\/v2\/types\/page"}],"author":[{"embeddable":true,"href":"https:\/\/asesoramientoyexpertsolutions.com\/en\/wp-json\/wp\/v2\/users\/2"}],"replies":[{"embeddable":true,"href":"https:\/\/asesoramientoyexpertsolutions.com\/en\/wp-json\/wp\/v2\/comments?post=27220"}],"version-history":[{"count":9,"href":"https:\/\/asesoramientoyexpertsolutions.com\/en\/wp-json\/wp\/v2\/pages\/27220\/revisions"}],"predecessor-version":[{"id":27581,"href":"https:\/\/asesoramientoyexpertsolutions.com\/en\/wp-json\/wp\/v2\/pages\/27220\/revisions\/27581"}],"up":[{"embeddable":true,"href":"https:\/\/asesoramientoyexpertsolutions.com\/en\/wp-json\/wp\/v2\/pages\/1658"}],"wp:attachment":[{"href":"https:\/\/asesoramientoyexpertsolutions.com\/en\/wp-json\/wp\/v2\/media?parent=27220"}],"curies":[{"name":"wp","href":"https:\/\/api.w.org\/{rel}","templated":true}]}}