{"id":1666,"date":"2016-05-14T18:36:58","date_gmt":"2016-05-14T16:36:58","guid":{"rendered":"http:\/\/gvjassociates.com\/otros-servicios\/asesoria-laboral\/?lang=en"},"modified":"2022-10-13T20:04:57","modified_gmt":"2022-10-13T18:04:57","slug":"employment-advice","status":"publish","type":"page","link":"https:\/\/asesoramientoyexpertsolutions.com\/en\/business-services\/employment-advice\/","title":{"rendered":"Employment Advice"},"content":{"rendered":"<div id='header_int'  class='avia-section av-2oakto-fddf4dff7e2ca5017d178cb6fc6b5caa main_color avia-section-default avia-no-border-styling  avia-builder-el-0  el_before_av_section  avia-builder-el-first  servicio_page avia-bg-style-scroll container_wrap sidebar_right'  ><div class='container av-section-cont-open' ><main  role=\"main\" itemprop=\"mainContentOfPage\"  class='template-page content  av-content-small alpha units'><div class='post-entry post-entry-type-page post-entry-1666'><div class='entry-content-wrapper clearfix'>\n<div class='flex_column_table av-2k6tdo-ae12616528ffb961536cb0b48b9f70eb sc-av_one_half av-equal-height-column-flextable'><div class='flex_column av-2k6tdo-ae12616528ffb961536cb0b48b9f70eb av_one_half  avia-builder-el-1  el_before_av_one_half  avia-builder-el-first  first flex_column_table_cell av-equal-height-column av-align-top '     ><section  class='av_textblock_section av-l7oxqmao-54f69887d3f016c01a4f1a7c7adbcfbe'  itemscope=\"itemscope\" itemtype=\"https:\/\/schema.org\/CreativeWork\" ><div class='avia_textblock'  itemprop=\"text\" ><h1>Employment Advice<\/h1>\n<p>Given the complexity of the Employment and Social Security Laws, legal employment advice is increasingly important for the employer, as well as for the employee, at every stage of the relationship. AES Asesoramiento y Expert Solutions, Department of Employment and Social Security Laws, covers this area and that of human resources, legally, economically and socially regulating the employee-employer working relationship.<\/p>\n<div class=\"areas\">\n<p>Among the services on offer, we place emphasis on the following:<\/p>\n<ul>\n<li style=\"text-align: justify;\">Legal-employment advice and labour management of companies<\/li>\n<li style=\"text-align: justify;\">Social-Labour Audit<\/li>\n<li style=\"text-align: justify;\">Deferrals<\/li>\n<li style=\"text-align: justify;\">Representation before the Social Courts<\/li>\n<li style=\"text-align: justify;\">Settlements<\/li>\n<li style=\"text-align: justify;\">Collective disputes<\/li>\n<li style=\"text-align: justify;\">Redundancy cases (Permanent or Temporary)<\/li>\n<li style=\"text-align: justify;\">Union and collective agreements representation<\/li>\n<li style=\"text-align: justify;\">Management of payroll, contracts, etc.<\/li>\n<li style=\"text-align: justify;\">Drawing up and processing of employment and extension contracts<\/li>\n<li style=\"text-align: justify;\">Processing of retirement, pensions and disability cases etc.<\/li>\n<li style=\"text-align: justify;\">Immigration issues<\/li>\n<\/ul>\n<\/div>\n<\/div><\/section><\/div><div class='av-flex-placeholder'><\/div><div class='flex_column av-lrvvj-adff6c7a14f99fcd3123de9028dce578 av_one_half  avia-builder-el-3  el_after_av_one_half  avia-builder-el-last  flex_column_table_cell av-equal-height-column av-align-top '     ><p><section  class='av_textblock_section av-fbnjb-a330a59bf2622d2eb26281009628aec3'  itemscope=\"itemscope\" itemtype=\"https:\/\/schema.org\/CreativeWork\" ><div class='avia_textblock'  itemprop=\"text\" ><div id=\"servicios_select\"><span id=\"blankopt\" data=\"\">More services<\/span><div id=\"servicios_drop\"><span data=\"https:\/\/asesoramientoyexpertsolutions.com\/en\/business-services\/renewable-energy-regulations-and-legislation-advice\/\" >Renewable energy regulations and legislation advice<\/span><span data=\"https:\/\/asesoramientoyexpertsolutions.com\/en\/business-services\/company-management\/\" >Company Management<\/span><span data=\"https:\/\/asesoramientoyexpertsolutions.com\/en\/business-services\/fiscal-accounting-and-taxation-advice\/\" >Fiscal, Accounting and Taxation Advice<\/span><span data=\"https:\/\/asesoramientoyexpertsolutions.com\/en\/business-services\/employment-advice\/\" >Employment Advice<\/span><span data=\"https:\/\/asesoramientoyexpertsolutions.com\/en\/business-services\/foundations-and-ngos\/\" >Foundations and NGOs<\/span><span data=\"https:\/\/asesoramientoyexpertsolutions.com\/en\/business-services\/administrative-management\/\" >Administrative Management<\/span><span data=\"https:\/\/asesoramientoyexpertsolutions.com\/en\/business-services\/international-investments\/\" >International Investments<\/span><\/div><\/div>\n<\/div><\/section><br \/>\n\n<style type=\"text\/css\" data-created_by=\"avia_inline_auto\" id=\"style-css-av-l80czuwx-0cb22e3c99e02fa2c830f8f70ec90deb\">\n.avia-image-container.av-l80czuwx-0cb22e3c99e02fa2c830f8f70ec90deb img.avia_image{\nbox-shadow:none;\n}\n.avia-image-container.av-l80czuwx-0cb22e3c99e02fa2c830f8f70ec90deb .av-image-caption-overlay-center{\ncolor:#ffffff;\n}\n<\/style>\n<div  class='avia-image-container av-l80czuwx-0cb22e3c99e02fa2c830f8f70ec90deb av-styling- avia-align-center'   itemprop=\"image\" itemscope=\"itemscope\" itemtype=\"https:\/\/schema.org\/ImageObject\" ><div class=\"avia-image-container-inner\"><div class=\"avia-image-overlay-wrap\"><img decoding=\"async\" class='wp-image-27127 avia-img-lazy-loading-not-27127 avia_image ' src=\"https:\/\/asesoramientoyexpertsolutions.com\/wp-content\/uploads\/2022\/09\/AdobeStock_446987524-1.png\" alt='' title='AdobeStock_446987524'  height=\"597\" width=\"708\"  itemprop=\"thumbnailUrl\" srcset=\"https:\/\/asesoramientoyexpertsolutions.com\/wp-content\/uploads\/2022\/09\/AdobeStock_446987524-1.png 708w, https:\/\/asesoramientoyexpertsolutions.com\/wp-content\/uploads\/2022\/09\/AdobeStock_446987524-1-300x253.png 300w, https:\/\/asesoramientoyexpertsolutions.com\/wp-content\/uploads\/2022\/09\/AdobeStock_446987524-1-705x594.png 705w\" sizes=\"(max-width: 708px) 100vw, 708px\" \/><\/div><\/div><\/div><\/p><\/div><\/div><!--close column table wrapper. Autoclose: 1 -->\n<style type=\"text\/css\" data-created_by=\"avia_inline_auto\" id=\"style-css-av-l80d1g8g-b4ff0a72f5f5803a818ccda2dbebc89e\">\n.avia-section.av-l80d1g8g-b4ff0a72f5f5803a818ccda2dbebc89e{\nbackground-color:#d5d5d5;\nbackground-image:unset;\n}\n<\/style>\n<div id='servico_call'  class='avia-section av-l80d1g8g-b4ff0a72f5f5803a818ccda2dbebc89e main_color avia-section-default avia-no-border-styling  avia-builder-el-0  el_before_av_section  avia-builder-el-first  avia-bg-style-scroll container_wrap sidebar_right'  ><div class='container av-section-cont-open' ><main  role=\"main\" itemprop=\"mainContentOfPage\"  class='template-page content  av-content-small alpha units'><div class='post-entry post-entry-type-page post-entry-1666'><div class='entry-content-wrapper clearfix'>\n<div class='flex_column av-9aejr-27d1b427e20c247e1636c08ec385400c av_one_full first flex_column_div '     ><section  class='av_textblock_section av-l80d4cy3-3e78ce57608d7e6ff771777972e3aea8'  itemscope=\"itemscope\" itemtype=\"https:\/\/schema.org\/CreativeWork\" ><div class='avia_textblock'  itemprop=\"text\" ><h2>Do you need legal advice?<\/h2>\n<p style=\"text-align: center;\">At AES we are specialized lawyers who can advise and assist you in all branches of law and business legal advice.<\/p>\n<div class=\"btn btn_call\"><a title=\"Contact\" href=\"https:\/\/asesoramientoyexpertsolutions.com\/contact\/\">Contact<\/a><\/div>\n<\/div><\/section><\/div>\n<\/p>\n<\/div><\/div><\/main><!-- close content main element --><\/div><\/div><div id='relacionados'  class='avia-section av-7tyzo-42d08621f086b926a6fe3d45cc49ebda main_color avia-section-default avia-no-border-styling  servicios_int avia-bg-style-scroll container_wrap sidebar_right'  ><div class='container av-section-cont-open' ><div class='template-page content  av-content-small alpha units'><div class='post-entry post-entry-type-page post-entry-1666'><div class='entry-content-wrapper clearfix'>\n<div class='flex_column av-24nc6c-2bbb55e9084de47f9baf72ea1a45abb2 av_one_full first flex_column_div '     ><section  class='av_textblock_section av-l7oxuan7-9635e8b03027494aba38277d1a87651e'  itemscope=\"itemscope\" itemtype=\"https:\/\/schema.org\/CreativeWork\" ><div class='avia_textblock'  itemprop=\"text\" ><h2 style=\"text-align: center;\">Related services<\/h2>\n<\/div><\/section><\/div><div class='flex_column_table av-13kdj8-0c9c0a2cc1f82e85330fc18750820d6d sc-av_one_fourth av-equal-height-column-flextable'>\n<style type=\"text\/css\" data-created_by=\"avia_inline_auto\" id=\"style-css-av-13kdj8-0c9c0a2cc1f82e85330fc18750820d6d\">\n.flex_column.av-13kdj8-0c9c0a2cc1f82e85330fc18750820d6d{\nwidth:22.75%;\nmargin-left:0;\nbackground:url(https:\/\/asesoramientoyexpertsolutions.com\/wp-content\/uploads\/2022\/09\/asesoria_regulacion1.jpg) 0% 0% no-repeat scroll ;\n}\n#top .flex_column_table.av-equal-height-column-flextable.av-13kdj8-0c9c0a2cc1f82e85330fc18750820d6d .av-flex-placeholder{\nwidth:3%;\n}\n<\/style>\n<div class='flex_column av-13kdj8-0c9c0a2cc1f82e85330fc18750820d6d av_one_fourth  civil first flex_column_table_cell av-equal-height-column av-align-bottom avia-link-column av-column-link '    data-link-column-url=\"https:\/\/asesoramientoyexpertsolutions.com\/servicios-juridicos\/derecho-internacional-privado\/\"   ><a class=\"av-screen-reader-only\" href=https:\/\/asesoramientoyexpertsolutions.com\/servicios-juridicos\/derecho-internacional-privado\/  title=\"Derecho Internacional Privado\" alt=\"Derecho Internacional Privado\">Link to: Derecho Internacional Privado<\/a><section  class='av_textblock_section av-vkjng-db89a79083a8f0685e57b4d229baef02'  itemscope=\"itemscope\" itemtype=\"https:\/\/schema.org\/CreativeWork\" ><div class='avia_textblock'  itemprop=\"text\" ><h3 style=\"text-align: center;\"><a title=\"Asesor\u00eda en regulaci\u00f3n y legislaci\u00f3n de energ\u00edas renovables\" href=\"https:\/\/asesoramientoyexpertsolutions.com\/otros-servicios\/asesoria-en-regulacion-y-legislacion-de-energias-renovables\/\">Asesor\u00eda en regulaci\u00f3n y legislaci\u00f3n de energ\u00edas renovables<\/a><\/h3>\n<\/div><\/section><\/div><\/div><!--close column table wrapper. Autoclose: 1 --><div class='flex_column_table av-3sykug-039a2a94dddba0a8a78655ca9cf3b195 sc-av_one_fourth av-equal-height-column-flextable'><div class='av-flex-placeholder'><\/div>\n<style type=\"text\/css\" data-created_by=\"avia_inline_auto\" id=\"style-css-av-3sykug-039a2a94dddba0a8a78655ca9cf3b195\">\n.flex_column.av-3sykug-039a2a94dddba0a8a78655ca9cf3b195{\nwidth:22.75%;\nmargin-left:0;\nbackground:url(https:\/\/asesoramientoyexpertsolutions.com\/wp-content\/uploads\/2022\/09\/gestion_administrativa1.jpg) 0% 0% no-repeat scroll ;\n}\n#top .flex_column_table.av-equal-height-column-flextable.av-3sykug-039a2a94dddba0a8a78655ca9cf3b195 .av-flex-placeholder{\nwidth:3%;\n}\n<\/style>\n<div class='flex_column av-3sykug-039a2a94dddba0a8a78655ca9cf3b195 av_one_fourth  civil mercantil flex_column_table_cell av-equal-height-column av-align-bottom avia-link-column av-column-link '    data-link-column-url=\"https:\/\/asesoramientoyexpertsolutions.com\/servicios-juridicos\/derecho-procesal-y-arbitraje\/\"   ><a class=\"av-screen-reader-only\" href=https:\/\/asesoramientoyexpertsolutions.com\/servicios-juridicos\/derecho-procesal-y-arbitraje\/  title=\"Derecho Procesal y Arbitraje\" alt=\"Derecho Procesal y Arbitraje\">Link to: Derecho Procesal y Arbitraje<\/a><section  class='av_textblock_section av-l89ww15w-3f6a401335ea3d49f0692047ae184163'  itemscope=\"itemscope\" itemtype=\"https:\/\/schema.org\/CreativeWork\" ><div class='avia_textblock'  itemprop=\"text\" ><h3 style=\"text-align: center;\"><a title=\"Administrative Management\" href=\"https:\/\/asesoramientoyexpertsolutions.com\/otros-servicios\/gestion-administrativa\/\">Administrative Management<\/a><\/h3>\n<\/div><\/section><\/div><\/div><!--close column table wrapper. Autoclose: 1 --><div class='flex_column_table av-1vgxvw-63ab87bcaf0dc2f495959a59b70810b1 sc-av_one_fourth av-equal-height-column-flextable'><div class='av-flex-placeholder'><\/div>\n<style type=\"text\/css\" data-created_by=\"avia_inline_auto\" id=\"style-css-av-1vgxvw-63ab87bcaf0dc2f495959a59b70810b1\">\n.flex_column.av-1vgxvw-63ab87bcaf0dc2f495959a59b70810b1{\nwidth:22.75%;\nmargin-left:0;\nbackground:url(https:\/\/asesoramientoyexpertsolutions.com\/wp-content\/uploads\/2022\/09\/administracion_empresa1.jpg) 0% 0% no-repeat scroll ;\n}\n#top .flex_column_table.av-equal-height-column-flextable.av-1vgxvw-63ab87bcaf0dc2f495959a59b70810b1 .av-flex-placeholder{\nwidth:3%;\n}\n<\/style>\n<div class='flex_column av-1vgxvw-63ab87bcaf0dc2f495959a59b70810b1 av_one_fourth  civil flex_column_table_cell av-equal-height-column av-align-bottom avia-link-column av-column-link '    data-link-column-url=\"https:\/\/asesoramientoyexpertsolutions.com\/servicios-juridicos\/derecho-de-familia-y-matrimonial\/\"   ><a class=\"av-screen-reader-only\" href=https:\/\/asesoramientoyexpertsolutions.com\/servicios-juridicos\/derecho-de-familia-y-matrimonial\/  title=\"Derecho de Familia y Matrimonial\" alt=\"Derecho de Familia y Matrimonial\">Link to: Derecho de Familia y Matrimonial<\/a><section  class='av_textblock_section av-l7ywnze5-519575a3864ecb544a7878d257e36db7'  itemscope=\"itemscope\" itemtype=\"https:\/\/schema.org\/CreativeWork\" ><div class='avia_textblock'  itemprop=\"text\" ><h3 style=\"text-align: center;\"><a title=\"Company Management \" href=\"https:\/\/asesoramientoyexpertsolutions.com\/otros-servicios\/administracion-de-la-empresa\/\">Company Management <\/a><\/h3>\n<\/div><\/section><\/div><\/div><!--close column table wrapper. Autoclose: 1 --><div class='flex_column_table av-l88flkbc-f59d90502b35ddb50fb134991eb1009a sc-av_one_fourth av-equal-height-column-flextable'><div class='av-flex-placeholder'><\/div>\n<style type=\"text\/css\" data-created_by=\"avia_inline_auto\" id=\"style-css-av-l88flkbc-f59d90502b35ddb50fb134991eb1009a\">\n.flex_column.av-l88flkbc-f59d90502b35ddb50fb134991eb1009a{\nwidth:22.75%;\nmargin-left:0;\nbackground:url(https:\/\/asesoramientoyexpertsolutions.com\/wp-content\/uploads\/2022\/09\/asesoramiento_fica1l.jpg) 0% 0% no-repeat scroll ;\n}\n#top .flex_column_table.av-equal-height-column-flextable.av-l88flkbc-f59d90502b35ddb50fb134991eb1009a .av-flex-placeholder{\nwidth:3%;\n}\n<\/style>\n<div class='flex_column av-l88flkbc-f59d90502b35ddb50fb134991eb1009a av_one_fourth  civil flex_column_table_cell av-equal-height-column av-align-bottom avia-link-column av-column-link '    data-link-column-url=\"https:\/\/asesoramientoyexpertsolutions.com\/servicios-juridicos\/derecho-de-familia-y-matrimonial\/\"   ><a class=\"av-screen-reader-only\" href=https:\/\/asesoramientoyexpertsolutions.com\/servicios-juridicos\/derecho-de-familia-y-matrimonial\/  title=\"Derecho de Familia y Matrimonial\" alt=\"Derecho de Familia y Matrimonial\">Link to: Derecho de Familia y Matrimonial<\/a><section  class='av_textblock_section av-l88fky58-9e636789432c27724999862c333abbf7'  itemscope=\"itemscope\" itemtype=\"https:\/\/schema.org\/CreativeWork\" ><div class='avia_textblock'  itemprop=\"text\" ><h3 style=\"text-align: center;\"><a title=\"Fiscal, Accounting and Taxation Advice\" href=\"https:\/\/asesoramientoyexpertsolutions.com\/otros-servicios\/asesoramiento-fiscal-contable-y-tributario\/\">Fiscal, Accounting and Taxation Advice<\/a><\/h3>\n<\/div><\/section><\/div><\/div><!--close column table wrapper. Autoclose: 1 -->\n<\/div><\/div><\/div><!-- close content main div --><\/div><\/div><div id='after_section_3'  class='main_color av_default_container_wrap container_wrap sidebar_right'  ><div class='container av-section-cont-open' ><div class='template-page content  av-content-small alpha units'><div class='post-entry post-entry-type-page post-entry-1666'><div class='entry-content-wrapper clearfix'>\n","protected":false},"excerpt":{"rendered":"","protected":false},"author":2,"featured_media":0,"parent":1658,"menu_order":0,"comment_status":"closed","ping_status":"open","template":"","meta":{"inline_featured_image":false,"footnotes":""},"class_list":["post-1666","page","type-page","status-publish","hentry"],"yoast_head":"<!-- This site is optimized with the Yoast SEO plugin v27.2 - https:\/\/yoast.com\/product\/yoast-seo-wordpress\/ -->\n<title>Employment Advice - AES Asesoramiento y Expert Solutions<\/title>\n<meta name=\"description\" content=\"AES Asesoramiento y Expert Solutions covers this area and that of human resources, legally, economically and socially regulating the employee-employer working relationship.\" \/>\n<meta name=\"robots\" content=\"index, follow, max-snippet:-1, max-image-preview:large, max-video-preview:-1\" \/>\n<link rel=\"canonical\" href=\"https:\/\/asesoramientoyexpertsolutions.com\/en\/business-services\/employment-advice\/\" \/>\n<meta property=\"og:locale\" content=\"en_US\" \/>\n<meta property=\"og:type\" content=\"article\" \/>\n<meta property=\"og:title\" content=\"Employment Advice - AES Asesoramiento y Expert Solutions\" \/>\n<meta property=\"og:description\" content=\"AES Asesoramiento y Expert Solutions covers this area and that of human resources, legally, economically and socially regulating the employee-employer working relationship.\" \/>\n<meta property=\"og:url\" content=\"https:\/\/asesoramientoyexpertsolutions.com\/en\/business-services\/employment-advice\/\" \/>\n<meta property=\"og:site_name\" content=\"AES\" \/>\n<meta property=\"article:modified_time\" content=\"2022-10-13T18:04:57+00:00\" \/>\n<meta name=\"twitter:card\" content=\"summary_large_image\" \/>\n<meta name=\"twitter:label1\" content=\"Est. reading time\" \/>\n\t<meta name=\"twitter:data1\" content=\"7 minutes\" \/>\n<script type=\"application\/ld+json\" class=\"yoast-schema-graph\">{\"@context\":\"https:\/\/schema.org\",\"@graph\":[{\"@type\":\"WebPage\",\"@id\":\"https:\/\/asesoramientoyexpertsolutions.com\/en\/business-services\/employment-advice\/\",\"url\":\"https:\/\/asesoramientoyexpertsolutions.com\/en\/business-services\/employment-advice\/\",\"name\":\"Employment Advice - AES Asesoramiento y Expert Solutions\",\"isPartOf\":{\"@id\":\"https:\/\/asesoramientoyexpertsolutions.com\/en\/#website\"},\"datePublished\":\"2016-05-14T16:36:58+00:00\",\"dateModified\":\"2022-10-13T18:04:57+00:00\",\"description\":\"AES Asesoramiento y Expert Solutions covers this area and that of human resources, legally, economically and socially regulating the employee-employer working relationship.\",\"breadcrumb\":{\"@id\":\"https:\/\/asesoramientoyexpertsolutions.com\/en\/business-services\/employment-advice\/#breadcrumb\"},\"inLanguage\":\"en-US\",\"potentialAction\":[{\"@type\":\"ReadAction\",\"target\":[\"https:\/\/asesoramientoyexpertsolutions.com\/en\/business-services\/employment-advice\/\"]}]},{\"@type\":\"BreadcrumbList\",\"@id\":\"https:\/\/asesoramientoyexpertsolutions.com\/en\/business-services\/employment-advice\/#breadcrumb\",\"itemListElement\":[{\"@type\":\"ListItem\",\"position\":1,\"name\":\"Portada\",\"item\":\"https:\/\/asesoramientoyexpertsolutions.com\/en\/\"},{\"@type\":\"ListItem\",\"position\":2,\"name\":\"Business Services\",\"item\":\"https:\/\/asesoramientoyexpertsolutions.com\/en\/business-services\/\"},{\"@type\":\"ListItem\",\"position\":3,\"name\":\"Employment Advice\"}]},{\"@type\":\"WebSite\",\"@id\":\"https:\/\/asesoramientoyexpertsolutions.com\/en\/#website\",\"url\":\"https:\/\/asesoramientoyexpertsolutions.com\/en\/\",\"name\":\"AES\",\"description\":\"Asesoramiento &amp; Exp\u00e8rt Solutions - Economists &amp; Lawyers\",\"potentialAction\":[{\"@type\":\"SearchAction\",\"target\":{\"@type\":\"EntryPoint\",\"urlTemplate\":\"https:\/\/asesoramientoyexpertsolutions.com\/en\/?s={search_term_string}\"},\"query-input\":{\"@type\":\"PropertyValueSpecification\",\"valueRequired\":true,\"valueName\":\"search_term_string\"}}],\"inLanguage\":\"en-US\"}]}<\/script>\n<!-- \/ Yoast SEO plugin. -->","yoast_head_json":{"title":"Employment Advice - AES Asesoramiento y Expert Solutions","description":"AES Asesoramiento y Expert Solutions covers this area and that of human resources, legally, economically and socially regulating the employee-employer working relationship.","robots":{"index":"index","follow":"follow","max-snippet":"max-snippet:-1","max-image-preview":"max-image-preview:large","max-video-preview":"max-video-preview:-1"},"canonical":"https:\/\/asesoramientoyexpertsolutions.com\/en\/business-services\/employment-advice\/","og_locale":"en_US","og_type":"article","og_title":"Employment Advice - AES Asesoramiento y Expert Solutions","og_description":"AES Asesoramiento y Expert Solutions covers this area and that of human resources, legally, economically and socially regulating the employee-employer working relationship.","og_url":"https:\/\/asesoramientoyexpertsolutions.com\/en\/business-services\/employment-advice\/","og_site_name":"AES","article_modified_time":"2022-10-13T18:04:57+00:00","twitter_card":"summary_large_image","twitter_misc":{"Est. reading time":"7 minutes"},"schema":{"@context":"https:\/\/schema.org","@graph":[{"@type":"WebPage","@id":"https:\/\/asesoramientoyexpertsolutions.com\/en\/business-services\/employment-advice\/","url":"https:\/\/asesoramientoyexpertsolutions.com\/en\/business-services\/employment-advice\/","name":"Employment Advice - AES Asesoramiento y Expert Solutions","isPartOf":{"@id":"https:\/\/asesoramientoyexpertsolutions.com\/en\/#website"},"datePublished":"2016-05-14T16:36:58+00:00","dateModified":"2022-10-13T18:04:57+00:00","description":"AES Asesoramiento y Expert Solutions covers this area and that of human resources, legally, economically and socially regulating the employee-employer working relationship.","breadcrumb":{"@id":"https:\/\/asesoramientoyexpertsolutions.com\/en\/business-services\/employment-advice\/#breadcrumb"},"inLanguage":"en-US","potentialAction":[{"@type":"ReadAction","target":["https:\/\/asesoramientoyexpertsolutions.com\/en\/business-services\/employment-advice\/"]}]},{"@type":"BreadcrumbList","@id":"https:\/\/asesoramientoyexpertsolutions.com\/en\/business-services\/employment-advice\/#breadcrumb","itemListElement":[{"@type":"ListItem","position":1,"name":"Portada","item":"https:\/\/asesoramientoyexpertsolutions.com\/en\/"},{"@type":"ListItem","position":2,"name":"Business Services","item":"https:\/\/asesoramientoyexpertsolutions.com\/en\/business-services\/"},{"@type":"ListItem","position":3,"name":"Employment Advice"}]},{"@type":"WebSite","@id":"https:\/\/asesoramientoyexpertsolutions.com\/en\/#website","url":"https:\/\/asesoramientoyexpertsolutions.com\/en\/","name":"AES","description":"Asesoramiento &amp; Exp\u00e8rt Solutions - Economists &amp; Lawyers","potentialAction":[{"@type":"SearchAction","target":{"@type":"EntryPoint","urlTemplate":"https:\/\/asesoramientoyexpertsolutions.com\/en\/?s={search_term_string}"},"query-input":{"@type":"PropertyValueSpecification","valueRequired":true,"valueName":"search_term_string"}}],"inLanguage":"en-US"}]}},"_links":{"self":[{"href":"https:\/\/asesoramientoyexpertsolutions.com\/en\/wp-json\/wp\/v2\/pages\/1666","targetHints":{"allow":["GET"]}}],"collection":[{"href":"https:\/\/asesoramientoyexpertsolutions.com\/en\/wp-json\/wp\/v2\/pages"}],"about":[{"href":"https:\/\/asesoramientoyexpertsolutions.com\/en\/wp-json\/wp\/v2\/types\/page"}],"author":[{"embeddable":true,"href":"https:\/\/asesoramientoyexpertsolutions.com\/en\/wp-json\/wp\/v2\/users\/2"}],"replies":[{"embeddable":true,"href":"https:\/\/asesoramientoyexpertsolutions.com\/en\/wp-json\/wp\/v2\/comments?post=1666"}],"version-history":[{"count":10,"href":"https:\/\/asesoramientoyexpertsolutions.com\/en\/wp-json\/wp\/v2\/pages\/1666\/revisions"}],"predecessor-version":[{"id":27632,"href":"https:\/\/asesoramientoyexpertsolutions.com\/en\/wp-json\/wp\/v2\/pages\/1666\/revisions\/27632"}],"up":[{"embeddable":true,"href":"https:\/\/asesoramientoyexpertsolutions.com\/en\/wp-json\/wp\/v2\/pages\/1658"}],"wp:attachment":[{"href":"https:\/\/asesoramientoyexpertsolutions.com\/en\/wp-json\/wp\/v2\/media?parent=1666"}],"curies":[{"name":"wp","href":"https:\/\/api.w.org\/{rel}","templated":true}]}}